{"id":1577,"date":"2025-05-14T09:36:33","date_gmt":"2025-05-14T09:36:33","guid":{"rendered":"https:\/\/clever-hodgkin.185-18-32-8.plesk.page\/?page_id=1577"},"modified":"2026-02-09T12:17:55","modified_gmt":"2026-02-09T12:17:55","slug":"demo","status":"publish","type":"page","link":"https:\/\/trusting-morse.185-18-32-8.plesk.page\/de\/demo\/","title":{"rendered":""},"content":{"rendered":"<p style=\"text-align: center;\"><strong>WILLKOMMEN ZUR DEMO VON BLADES OF FIRE!<\/strong><br \/>\nHier erf\u00e4hrst du alles, was du wissen musst, bevor du dich auf deine Reise begibst.<\/p>\n<p>&nbsp;<\/p>\n<p style=\"text-align: left;\"><strong>WAS BIETET DIE DEMO?<\/strong><br \/>\nDie Demo von Blades of Fire l\u00e4sst dich den Anfang des Spiels erfahren: Schmiede deine ersten Waffen, erlebe das einzigartige Kampfsystem, k\u00e4mpfe gegen einen riesigen Troll und erfahre mehr \u00fcber Arans Abenteuer.\n\nVergiss nicht, dass dies nur eine Demo ist und nur einen Bruchteil dessen zeigt, was Blades of Fire wirklich zu bieten hat.\n\nEs gibt noch viel mehr zu entdecken!<\/p>\n<p style=\"text-align: left;\">Vergiss nicht, dass dies nur eine Demo ist und nur einen Bruchteil dessen zeigt, was Blades of Fire wirklich zu bieten hat.<\/p>\n<p style=\"text-align: left;\">Es gibt noch viel mehr zu entdecken!<\/p>\n<p class=\"translation-block\"><strong>ENTH\u00c4LT DIE STEAM-DEMO FUNKTIONEN DES KOMMENDEN 2.0-UPDATES?<\/strong><br>\nJa, die Steam-Demo enth\u00e4lt die folgenden 2.0-Funktionen:<br>\n\u2013 Titan: neuer zus\u00e4tzlicher Schwierigkeitsgrad<br>\n\u2013 Transmutation: neue Option, die dem Spieler mehr Freiheit bei der Verwaltung seiner Ressourcen\u00f6konomie bietet<br>\n\u2013 Neue Zwischensequenz im Prolog<br>\n\u2013 UX-Verbesserungen in verschiedenen Men\u00fcs, z. B. Schnellreparatur, Transmutation\u2026<br>\n\u2013 Tastenbelegung f\u00fcr Tastatur und Maus<br>\n\u2013 Steam-Deck-Unterst\u00fctzung<br>\n\u2013 Zus\u00e4tzliche Optimierungen und Fehlerbehebungen<\/p>\n<p style=\"text-align: left;\"><strong>WIE FINAL IST DIE DEMO?<\/strong><br \/>\nDie Demo entspricht der finalen Version des Spiels.<\/p>\n<p style=\"text-align: left;\"><strong>AB WANN IST DIE DEMO VERF\u00dcGBAR?<\/strong><br \/>\nAb heute.<\/p>\n<p style=\"text-align: left;\"><strong>IST DIE DEMO KOSTENLOS?<\/strong><br \/>\nJa.<\/p>\n<p style=\"text-align: left;\"><strong>BRAUCHE ICH IRGENDEIN ABO ODER EINE MITGLIEDSCHAFT, UM SPIELEN ZU K\u00d6NNEN?<\/strong><br \/>\nNein. In Deutschland und Japan ben\u00f6tigen PlayStation-Spieler allerdings eine aktive Mitgliedschaft einer beliebigen Stufe von PlayStation\u00aePlus, um die Demo kaufen oder herunterladen zu k\u00f6nnen. Es f\u00e4llt dabei eine geringe Geb\u00fchr an.<\/p>\n<p style=\"text-align: left;\"><strong>AUF WELCHEN PLATTFORMEN IST DIE DEMO VERF\u00dcGBAR?<\/strong><br \/>\nAuf Steam, im Epic Games Store, auf PlayStation 5 und Xbox Series X|S.<\/p>\n<p style=\"text-align: left;\"><strong>KANN ICH MEINEN SPIELFORTSCHRITT AUF DIE VOLLVERSION \u00dcBERTRAGEN?<\/strong><br \/>\nJA! Dein Fortschritt in der Demo kann per Speicherstand in die Vollversion \u00fcbernommen werden \u2013 inklusive all deiner gesammelten Materialien.<\/p>\n<p style=\"text-align: left;\"><strong>WELCHE SPIELZEIT UMFASST DIE DEMO?<\/strong><br \/>\nDas h\u00e4ngt von deinem Spielstil und deinem Entdeckerdrang ab. Manche von euch schaffen die Demo in etwa einer Stunde, andere brauchen vielleicht drei Stunden oder mehr.<\/p>\n<p style=\"text-align: left;\"><strong>IN WELCHEN SPRACHEN IST DIE DEMO VERF\u00dcGBAR?<\/strong><br \/>\nTon: Englisch.<br \/>\nText: Englisch, Franz\u00f6sisch, Italienisch, Deutsch, Spanisch (Spanien), Vereinfachtes Chinesisch, Traditionelles Chinesisch, Japanisch, Koreanisch, Brasilianisches Portugiesisch, Russisch.<\/p>\n<p style=\"text-align: left;\"><strong>BEN\u00d6TIGE ICH EINE INTERNETVERBINDUNG ZUM SPIELEN DER DEMO?<\/strong><br \/>\nNein. Sobald du die Demo von Blades of Fire heruntergeladen hast, ist keine Internetverbindung mehr zum Spielen erforderlich. Das gilt auch f\u00fcr die Vollversion, die am 22. Mai erscheint.<\/p>\n<p style=\"text-align: left;\"><strong>WELCHE SYSTEMANFORDERUNGEN HAT DIE DEMO AUF DEM PC?<\/strong><br \/>\nDie Mindest- und empfohlenen Anforderungen findest du auf der entsprechenden Seite im <u><a style=\"text-decoration: underline;\" href=\"https:\/\/store.epicgames.com\/en-US\/p\/blades-of-fire-demo-78b5d3\" target=\"_blank\" rel=\"noopener\">Epic Games Store page<\/a><\/u> and the <u><a style=\"text-decoration: underline;\" href=\"https:\/\/store.steampowered.com\/app\/2091020\/Blades_of_Fire\/\" target=\"_blank\" rel=\"noopener\">Steam Store page<\/a><\/u> .<\/p>\n<p style=\"text-align: left;\"><strong>WIE VIEL SPEICHERPLATZ WIRD F\u00dcR DIE DEMO BEN\u00d6TIGT?<\/strong><br \/>\n&#8211; PS5: 26GB<br \/>\n&#8211; Xbox Series X|S: 30GB<\/p>\n<p style=\"text-align: left;\"><strong>DARF ICH INHALTE AUS DER DEMO STREAMEN ODER TEILEN?<\/strong><br \/>\nUnbedingt \u2013 wir m\u00f6chten dich sogar dazu ermutigen! Schick uns deinen Link zum Livestream und wir schauen gern vorbei. Und wenn du Inhalte rund um die Demo auf Social Media postest, verwende den Hashtag #ForgeYourLegend! <strong>#ForgeYourLegend<\/strong>.<\/p>\n<p style=\"text-align: left;\"><strong>WO KANN ICH FEEDBACK ZUR DEMO HINTERLASSEN?<\/strong><br \/>\nFolge uns auf unseren offiziellen Social-Media-Kan\u00e4len und sag uns, was du denkst. Wir h\u00f6ren zu.<\/p>\n<p style=\"text-align: left;\">","protected":false},"excerpt":{"rendered":"<p>WELCOME TO THE BLADES OF FIRE DEMO. Here you will find everything you need to know before you embark on your journey! &nbsp; WHAT DOES THE DEMO INCLUDE? The Blades of Fire demo features the beginning of the game allowing you to forge your first weapons, experience the unique combat system, fight a big troll [&hellip;]<\/p>\n","protected":false},"author":2,"featured_media":0,"parent":0,"menu_order":0,"comment_status":"closed","ping_status":"closed","template":"demo-site.php","meta":{"_acf_changed":false,"footnotes":""},"class_list":["post-1577","page","type-page","status-publish","hentry"],"acf":[],"yoast_head":"<!-- This site is optimized with the Yoast SEO plugin v25.1 - https:\/\/yoast.com\/wordpress\/plugins\/seo\/ -->\n<title>- Blades Of Fire<\/title>\n<meta name=\"robots\" content=\"noindex, follow, max-snippet:-1, max-image-preview:large, max-video-preview:-1\" \/>\n<meta property=\"og:locale\" content=\"de_DE\" \/>\n<meta property=\"og:type\" content=\"article\" \/>\n<meta property=\"og:title\" content=\"- Blades Of Fire\" \/>\n<meta property=\"og:description\" content=\"WELCOME TO THE BLADES OF FIRE DEMO. Here you will find everything you need to know before you embark on your journey! &nbsp; WHAT DOES THE DEMO INCLUDE? The Blades of Fire demo features the beginning of the game allowing you to forge your first weapons, experience the unique combat system, fight a big troll [&hellip;]\" \/>\n<meta property=\"og:url\" content=\"https:\/\/trusting-morse.185-18-32-8.plesk.page\/de\/demo\/\" \/>\n<meta property=\"og:site_name\" content=\"Blades Of Fire\" \/>\n<meta property=\"article:modified_time\" content=\"2026-02-09T12:17:55+00:00\" \/>\n<meta property=\"og:image\" content=\"https:\/\/trusting-morse.185-18-32-8.plesk.page\/wp-content\/uploads\/2025\/02\/blog-banner.jpg\" \/>\n\t<meta property=\"og:image:width\" content=\"2560\" \/>\n\t<meta property=\"og:image:height\" content=\"1000\" \/>\n\t<meta property=\"og:image:type\" content=\"image\/jpeg\" \/>\n<meta name=\"twitter:card\" content=\"summary_large_image\" \/>\n<meta name=\"twitter:label1\" content=\"Gesch\u00e4tzte Lesezeit\" \/>\n\t<meta name=\"twitter:data1\" content=\"2\u00a0Minuten\" \/>\n<script type=\"application\/ld+json\" class=\"yoast-schema-graph\">{\"@context\":\"https:\/\/schema.org\",\"@graph\":[{\"@type\":\"WebPage\",\"@id\":\"https:\/\/trusting-morse.185-18-32-8.plesk.page\/demo\/\",\"url\":\"https:\/\/trusting-morse.185-18-32-8.plesk.page\/demo\/\",\"name\":\"- Blades Of Fire\",\"isPartOf\":{\"@id\":\"https:\/\/trusting-morse.185-18-32-8.plesk.page\/#website\"},\"datePublished\":\"2025-05-14T09:36:33+00:00\",\"dateModified\":\"2026-02-09T12:17:55+00:00\",\"inLanguage\":\"de\",\"potentialAction\":[{\"@type\":\"ReadAction\",\"target\":[\"https:\/\/trusting-morse.185-18-32-8.plesk.page\/demo\/\"]}]},{\"@type\":\"WebSite\",\"@id\":\"https:\/\/trusting-morse.185-18-32-8.plesk.page\/#website\",\"url\":\"https:\/\/trusting-morse.185-18-32-8.plesk.page\/\",\"name\":\"Blades Of Fire\",\"description\":\"\",\"publisher\":{\"@id\":\"https:\/\/trusting-morse.185-18-32-8.plesk.page\/#organization\"},\"potentialAction\":[{\"@type\":\"SearchAction\",\"target\":{\"@type\":\"EntryPoint\",\"urlTemplate\":\"https:\/\/trusting-morse.185-18-32-8.plesk.page\/?s={search_term_string}\"},\"query-input\":{\"@type\":\"PropertyValueSpecification\",\"valueRequired\":true,\"valueName\":\"search_term_string\"}}],\"inLanguage\":\"de\"},{\"@type\":\"Organization\",\"@id\":\"https:\/\/trusting-morse.185-18-32-8.plesk.page\/#organization\",\"name\":\"Blades Of Fire\",\"url\":\"https:\/\/trusting-morse.185-18-32-8.plesk.page\/\",\"logo\":{\"@type\":\"ImageObject\",\"inLanguage\":\"de\",\"@id\":\"https:\/\/trusting-morse.185-18-32-8.plesk.page\/#\/schema\/logo\/image\/\",\"url\":\"https:\/\/trusting-morse.185-18-32-8.plesk.page\/wp-content\/uploads\/2025\/02\/BOFscreen.png\",\"contentUrl\":\"https:\/\/trusting-morse.185-18-32-8.plesk.page\/wp-content\/uploads\/2025\/02\/BOFscreen.png\",\"width\":512,\"height\":512,\"caption\":\"Blades Of Fire\"},\"image\":{\"@id\":\"https:\/\/trusting-morse.185-18-32-8.plesk.page\/#\/schema\/logo\/image\/\"}}]}<\/script>\n<!-- \/ Yoast SEO plugin. -->","yoast_head_json":{"title":"- Blades Of Fire","robots":{"index":"noindex","follow":"follow","max-snippet":"max-snippet:-1","max-image-preview":"max-image-preview:large","max-video-preview":"max-video-preview:-1"},"og_locale":"de_DE","og_type":"article","og_title":"- Blades Of Fire","og_description":"WELCOME TO THE BLADES OF FIRE DEMO. Here you will find everything you need to know before you embark on your journey! &nbsp; WHAT DOES THE DEMO INCLUDE? The Blades of Fire demo features the beginning of the game allowing you to forge your first weapons, experience the unique combat system, fight a big troll [&hellip;]","og_url":"https:\/\/trusting-morse.185-18-32-8.plesk.page\/de\/demo\/","og_site_name":"Blades Of Fire","article_modified_time":"2026-02-09T12:17:55+00:00","og_image":[{"width":2560,"height":1000,"url":"https:\/\/trusting-morse.185-18-32-8.plesk.page\/wp-content\/uploads\/2025\/02\/blog-banner.jpg","type":"image\/jpeg"}],"twitter_card":"summary_large_image","twitter_misc":{"Gesch\u00e4tzte Lesezeit":"2\u00a0Minuten"},"schema":{"@context":"https:\/\/schema.org","@graph":[{"@type":"WebPage","@id":"https:\/\/trusting-morse.185-18-32-8.plesk.page\/demo\/","url":"https:\/\/trusting-morse.185-18-32-8.plesk.page\/demo\/","name":"- Blades Of Fire","isPartOf":{"@id":"https:\/\/trusting-morse.185-18-32-8.plesk.page\/#website"},"datePublished":"2025-05-14T09:36:33+00:00","dateModified":"2026-02-09T12:17:55+00:00","inLanguage":"de","potentialAction":[{"@type":"ReadAction","target":["https:\/\/trusting-morse.185-18-32-8.plesk.page\/demo\/"]}]},{"@type":"WebSite","@id":"https:\/\/trusting-morse.185-18-32-8.plesk.page\/#website","url":"https:\/\/trusting-morse.185-18-32-8.plesk.page\/","name":"Blades Of Fire","description":"","publisher":{"@id":"https:\/\/trusting-morse.185-18-32-8.plesk.page\/#organization"},"potentialAction":[{"@type":"SearchAction","target":{"@type":"EntryPoint","urlTemplate":"https:\/\/trusting-morse.185-18-32-8.plesk.page\/?s={search_term_string}"},"query-input":{"@type":"PropertyValueSpecification","valueRequired":true,"valueName":"search_term_string"}}],"inLanguage":"de"},{"@type":"Organization","@id":"https:\/\/trusting-morse.185-18-32-8.plesk.page\/#organization","name":"Blades Of Fire","url":"https:\/\/trusting-morse.185-18-32-8.plesk.page\/","logo":{"@type":"ImageObject","inLanguage":"de","@id":"https:\/\/trusting-morse.185-18-32-8.plesk.page\/#\/schema\/logo\/image\/","url":"https:\/\/trusting-morse.185-18-32-8.plesk.page\/wp-content\/uploads\/2025\/02\/BOFscreen.png","contentUrl":"https:\/\/trusting-morse.185-18-32-8.plesk.page\/wp-content\/uploads\/2025\/02\/BOFscreen.png","width":512,"height":512,"caption":"Blades Of Fire"},"image":{"@id":"https:\/\/trusting-morse.185-18-32-8.plesk.page\/#\/schema\/logo\/image\/"}}]}},"_links":{"self":[{"href":"https:\/\/trusting-morse.185-18-32-8.plesk.page\/de\/wp-json\/wp\/v2\/pages\/1577","targetHints":{"allow":["GET"]}}],"collection":[{"href":"https:\/\/trusting-morse.185-18-32-8.plesk.page\/de\/wp-json\/wp\/v2\/pages"}],"about":[{"href":"https:\/\/trusting-morse.185-18-32-8.plesk.page\/de\/wp-json\/wp\/v2\/types\/page"}],"author":[{"embeddable":true,"href":"https:\/\/trusting-morse.185-18-32-8.plesk.page\/de\/wp-json\/wp\/v2\/users\/2"}],"replies":[{"embeddable":true,"href":"https:\/\/trusting-morse.185-18-32-8.plesk.page\/de\/wp-json\/wp\/v2\/comments?post=1577"}],"version-history":[{"count":23,"href":"https:\/\/trusting-morse.185-18-32-8.plesk.page\/de\/wp-json\/wp\/v2\/pages\/1577\/revisions"}],"predecessor-version":[{"id":1774,"href":"https:\/\/trusting-morse.185-18-32-8.plesk.page\/de\/wp-json\/wp\/v2\/pages\/1577\/revisions\/1774"}],"wp:attachment":[{"href":"https:\/\/trusting-morse.185-18-32-8.plesk.page\/de\/wp-json\/wp\/v2\/media?parent=1577"}],"curies":[{"name":"wp","href":"https:\/\/api.w.org\/{rel}","templated":true}]}}