{"id":1577,"date":"2025-05-14T09:36:33","date_gmt":"2025-05-14T09:36:33","guid":{"rendered":"https:\/\/clever-hodgkin.185-18-32-8.plesk.page\/?page_id=1577"},"modified":"2026-02-09T12:17:55","modified_gmt":"2026-02-09T12:17:55","slug":"demo","status":"publish","type":"page","link":"https:\/\/trusting-morse.185-18-32-8.plesk.page\/es\/demo\/","title":{"rendered":""},"content":{"rendered":"<p style=\"text-align: center;\"><strong>TE DAMOS LA BIENVENIDA A LA DEMO DE BLADES OF FIRE<\/strong><br \/>\n\u00a1Aqu\u00ed encontrar\u00e1s todo lo que necesitas saber antes de emprender tu viaje!<\/p>\n<p>&nbsp;<\/p>\n<p style=\"text-align: left;\"><strong>\u00bfQU\u00c9 INCLUYE LA DEMO?<\/strong><br \/>\nLa demo de Blades of Fire muestra el principio del juego y te permite forjar tus primeras armas, experimentar el original sistema de combate, luchar contra un gran trol y conocer m\u00e1s sobre el viaje de Aran.\n\nRecuerda, esto es solo una demo que apenas ara\u00f1a la superficie de lo que Blades of Fire tiene que ofrecer.\n\n\u00a1Habr\u00e1 mucho m\u00e1s que explorar!<\/p>\n<p style=\"text-align: left;\">Recuerda, esto es solo una demo que apenas ara\u00f1a la superficie de lo que Blades of Fire tiene que ofrecer.<\/p>\n<p style=\"text-align: left;\">\u00a1Habr\u00e1 mucho m\u00e1s que explorar!<\/p>\n<p class=\"translation-block\"><strong>\u00bfLA DEMO DE STEAM INCLUYE FUNCIONES DE LA PR\u00d3XIMA ACTUALIZACI\u00d3N 2.0?<\/strong><br>\nS\u00ed, la demo de Steam incluir\u00e1 las siguientes funciones de la versi\u00f3n 2.0:<br>\n\u2013 Titanio: nueva dificultad adicional<br>\n\u2013 Transmutaci\u00f3n: nueva opci\u00f3n que ofrece mayor libertad en la gesti\u00f3n de la econom\u00eda de recursos del jugador<br>\n\u2013 Nueva escena cinem\u00e1tica en el pr\u00f3logo<br>\n\u2013 Mejoras de UX en varios men\u00fas, como reparaci\u00f3n r\u00e1pida, transmutaci\u00f3n\u2026<br>\n\u2013 Reasignaci\u00f3n de controles para teclado y rat\u00f3n<br>\n\u2013 Compatibilidad con Steam Deck<br>\n\u2013 Pulido adicional y correcci\u00f3n de errores<\/p>\n<p style=\"text-align: left;\"><strong>\u00bfC\u00d3MO DE DEFINITIVA ES LA DEMO?<\/strong><br \/>\nLa demo representa la versi\u00f3n final del juego.<\/p>\n<p style=\"text-align: left;\"><strong>\u00bfCU\u00c1NDO ESTAR\u00c1 DISPONIBLE LA DEMO?<\/strong><br \/>\nA partir de hoy.<\/p>\n<p style=\"text-align: left;\"><strong>\u00bfLA DEMO ES GRATUITA?<\/strong><br \/>\nS\u00ed.<\/p>\n<p style=\"text-align: left;\"><strong>\u00bfNECESITO ALGUNA SUSCRIPCI\u00d3N PARA JUGAR?<\/strong><br \/>\nNo. Sin embargo, en Alemania y Jap\u00f3n los usuarios de PlayStation deben estar suscritos a cualquier nivel de PlayStation\u00aePlus para comprar o descargar la demo, por una tasa simb\u00f3lica.<\/p>\n<p style=\"text-align: left;\"><strong>\u00bfEN QU\u00c9 PLATAFORMAS EST\u00c1 DISPONIBLE LA DEMO?<\/strong><br \/>\nEn Steam, Epic Games Store, PlayStation 5 y Xbox Series X|S.<\/p>\n<p style=\"text-align: left;\"><strong>\u00bfMIS PROGRESOS SE TRASLADAR\u00c1N AL JUEGO COMPLETO?<\/strong><br \/>\nS\u00cd. Los progresos realizados en la demo pueden trasladarse al juego completo a trav\u00e9s de tu archivo de guardado. Y a\u00fan mejor: tambi\u00e9n los materiales que hayas recogido.<\/p>\n<p style=\"text-align: left;\"><strong>\u00bfCU\u00c1NTO DURA LA DEMO?<\/strong><br \/>\nDepende de tu estilo de juego y de cu\u00e1nto quieras explorar. Algunos pueden terminar la demo en una hora, otros pueden necesitar tres horas o m\u00e1s.<\/p>\n<p style=\"text-align: left;\"><strong>\u00bfEN QU\u00c9 IDIOMAS ESTAR\u00c1 DISPONIBLE LA DEMO?<\/strong><br \/>\nAudio: ingl\u00e9s.<br \/>\nTexto: ingl\u00e9s, franc\u00e9s, italiano, alem\u00e1n, espa\u00f1ol (de Espa\u00f1a), chino (simplificado), chino (tradicional), japon\u00e9s, coreano, portugu\u00e9s (de Brasil) y ruso.<\/p>\n<p style=\"text-align: left;\"><strong>\u00bfSE NECESITA CONEXI\u00d3N A INTERNET PARA JUGAR A LA DEMO?<\/strong><br \/>\nUna vez descargada la demo de Blades of Fire, no ser\u00e1 necesaria una conexi\u00f3n a Internet para jugar. Esto tambi\u00e9n se aplica al juego completo, que se lanzar\u00e1 el 22 de mayo.<\/p>\n<p style=\"text-align: left;\"><strong>\u00bfCU\u00c1LES SON LOS REQUISITOS M\u00cdNIMOS Y RECOMENDADOS PARA LA DEMO DE PC?<\/strong><br \/>\nConsulta la p\u00e1gina de <u><a style=\"text-decoration: underline;\" href=\"https:\/\/store.epicgames.com\/en-US\/p\/blades-of-fire-demo-78b5d3\" target=\"_blank\" rel=\"noopener\">Epic Games Store page<\/a><\/u> and the <u><a style=\"text-decoration: underline;\" href=\"https:\/\/store.steampowered.com\/app\/2091020\/Blades_of_Fire\/\" target=\"_blank\" rel=\"noopener\">Steam Store page<\/a><\/u> para obtener m\u00e1s informaci\u00f3n sobre los requisitos m\u00ednimos y recomendados para la demo de PC.<\/p>\n<p style=\"text-align: left;\"><strong>\u00bfCU\u00c1NTO ESPACIO DE ALMACENAMIENTO SE NECESITA PARA DESCARGAR LA DEMO?<\/strong><br \/>\n&#8211; PS5: 26GB<br \/>\n&#8211; Xbox Series X|S: 30GB<\/p>\n<p style=\"text-align: left;\"><strong>\u00bfPUEDO RETRANSMITIR\/COMPARTIR CONTENIDOS DE LA DEMO DE BLADES OF FIRE?<\/strong><br \/>\n\u00a1Por supuesto! \u00a1Y te animamos a que lo hagas! Enl\u00e1zanos para cualquiera de tus retransmisiones en directo y haremos todo lo posible por verlas. Si publicas cualquier contenido en las redes sociales relacionado con la demo, aseg\u00farate de utilizar el hashtag #ForgeYourLegend. <strong>#ForgeYourLegend<\/strong>.<\/p>\n<p style=\"text-align: left;\"><strong>\u00bfD\u00d3NDE PUEDO DEJAR MI OPINI\u00d3N SOBRE LA DEMO?<\/strong><br \/>\n\u00a1S\u00edguenos en cualquiera de nuestros canales sociales oficiales y cu\u00e9ntanos ah\u00ed tus impresiones! Somos todo o\u00eddos.<\/p>\n<p style=\"text-align: left;\">","protected":false},"excerpt":{"rendered":"<p>WELCOME TO THE BLADES OF FIRE DEMO. Here you will find everything you need to know before you embark on your journey! &nbsp; WHAT DOES THE DEMO INCLUDE? The Blades of Fire demo features the beginning of the game allowing you to forge your first weapons, experience the unique combat system, fight a big troll [&hellip;]<\/p>\n","protected":false},"author":2,"featured_media":0,"parent":0,"menu_order":0,"comment_status":"closed","ping_status":"closed","template":"demo-site.php","meta":{"_acf_changed":false,"footnotes":""},"class_list":["post-1577","page","type-page","status-publish","hentry"],"acf":[],"yoast_head":"<!-- This site is optimized with the Yoast SEO plugin v25.1 - https:\/\/yoast.com\/wordpress\/plugins\/seo\/ -->\n<title>- Blades Of Fire<\/title>\n<meta name=\"robots\" content=\"noindex, follow, max-snippet:-1, max-image-preview:large, max-video-preview:-1\" \/>\n<meta property=\"og:locale\" content=\"es_ES\" \/>\n<meta property=\"og:type\" content=\"article\" \/>\n<meta property=\"og:title\" content=\"- Blades Of Fire\" \/>\n<meta property=\"og:description\" content=\"WELCOME TO THE BLADES OF FIRE DEMO. Here you will find everything you need to know before you embark on your journey! &nbsp; WHAT DOES THE DEMO INCLUDE? The Blades of Fire demo features the beginning of the game allowing you to forge your first weapons, experience the unique combat system, fight a big troll [&hellip;]\" \/>\n<meta property=\"og:url\" content=\"https:\/\/trusting-morse.185-18-32-8.plesk.page\/es\/demo\/\" \/>\n<meta property=\"og:site_name\" content=\"Blades Of Fire\" \/>\n<meta property=\"article:modified_time\" content=\"2026-02-09T12:17:55+00:00\" \/>\n<meta property=\"og:image\" content=\"https:\/\/trusting-morse.185-18-32-8.plesk.page\/wp-content\/uploads\/2025\/02\/blog-banner.jpg\" \/>\n\t<meta property=\"og:image:width\" content=\"2560\" \/>\n\t<meta property=\"og:image:height\" content=\"1000\" \/>\n\t<meta property=\"og:image:type\" content=\"image\/jpeg\" \/>\n<meta name=\"twitter:card\" content=\"summary_large_image\" \/>\n<meta name=\"twitter:label1\" content=\"Tiempo de lectura\" \/>\n\t<meta name=\"twitter:data1\" content=\"2 minutos\" \/>\n<script type=\"application\/ld+json\" class=\"yoast-schema-graph\">{\"@context\":\"https:\/\/schema.org\",\"@graph\":[{\"@type\":\"WebPage\",\"@id\":\"https:\/\/trusting-morse.185-18-32-8.plesk.page\/demo\/\",\"url\":\"https:\/\/trusting-morse.185-18-32-8.plesk.page\/demo\/\",\"name\":\"- Blades Of Fire\",\"isPartOf\":{\"@id\":\"https:\/\/trusting-morse.185-18-32-8.plesk.page\/#website\"},\"datePublished\":\"2025-05-14T09:36:33+00:00\",\"dateModified\":\"2026-02-09T12:17:55+00:00\",\"inLanguage\":\"es\",\"potentialAction\":[{\"@type\":\"ReadAction\",\"target\":[\"https:\/\/trusting-morse.185-18-32-8.plesk.page\/demo\/\"]}]},{\"@type\":\"WebSite\",\"@id\":\"https:\/\/trusting-morse.185-18-32-8.plesk.page\/#website\",\"url\":\"https:\/\/trusting-morse.185-18-32-8.plesk.page\/\",\"name\":\"Blades Of Fire\",\"description\":\"\",\"publisher\":{\"@id\":\"https:\/\/trusting-morse.185-18-32-8.plesk.page\/#organization\"},\"potentialAction\":[{\"@type\":\"SearchAction\",\"target\":{\"@type\":\"EntryPoint\",\"urlTemplate\":\"https:\/\/trusting-morse.185-18-32-8.plesk.page\/?s={search_term_string}\"},\"query-input\":{\"@type\":\"PropertyValueSpecification\",\"valueRequired\":true,\"valueName\":\"search_term_string\"}}],\"inLanguage\":\"es\"},{\"@type\":\"Organization\",\"@id\":\"https:\/\/trusting-morse.185-18-32-8.plesk.page\/#organization\",\"name\":\"Blades Of Fire\",\"url\":\"https:\/\/trusting-morse.185-18-32-8.plesk.page\/\",\"logo\":{\"@type\":\"ImageObject\",\"inLanguage\":\"es\",\"@id\":\"https:\/\/trusting-morse.185-18-32-8.plesk.page\/#\/schema\/logo\/image\/\",\"url\":\"https:\/\/trusting-morse.185-18-32-8.plesk.page\/wp-content\/uploads\/2025\/02\/BOFscreen.png\",\"contentUrl\":\"https:\/\/trusting-morse.185-18-32-8.plesk.page\/wp-content\/uploads\/2025\/02\/BOFscreen.png\",\"width\":512,\"height\":512,\"caption\":\"Blades Of Fire\"},\"image\":{\"@id\":\"https:\/\/trusting-morse.185-18-32-8.plesk.page\/#\/schema\/logo\/image\/\"}}]}<\/script>\n<!-- \/ Yoast SEO plugin. -->","yoast_head_json":{"title":"- Blades Of Fire","robots":{"index":"noindex","follow":"follow","max-snippet":"max-snippet:-1","max-image-preview":"max-image-preview:large","max-video-preview":"max-video-preview:-1"},"og_locale":"es_ES","og_type":"article","og_title":"- Blades Of Fire","og_description":"WELCOME TO THE BLADES OF FIRE DEMO. Here you will find everything you need to know before you embark on your journey! &nbsp; WHAT DOES THE DEMO INCLUDE? The Blades of Fire demo features the beginning of the game allowing you to forge your first weapons, experience the unique combat system, fight a big troll [&hellip;]","og_url":"https:\/\/trusting-morse.185-18-32-8.plesk.page\/es\/demo\/","og_site_name":"Blades Of Fire","article_modified_time":"2026-02-09T12:17:55+00:00","og_image":[{"width":2560,"height":1000,"url":"https:\/\/trusting-morse.185-18-32-8.plesk.page\/wp-content\/uploads\/2025\/02\/blog-banner.jpg","type":"image\/jpeg"}],"twitter_card":"summary_large_image","twitter_misc":{"Tiempo de lectura":"2 minutos"},"schema":{"@context":"https:\/\/schema.org","@graph":[{"@type":"WebPage","@id":"https:\/\/trusting-morse.185-18-32-8.plesk.page\/demo\/","url":"https:\/\/trusting-morse.185-18-32-8.plesk.page\/demo\/","name":"- Blades Of Fire","isPartOf":{"@id":"https:\/\/trusting-morse.185-18-32-8.plesk.page\/#website"},"datePublished":"2025-05-14T09:36:33+00:00","dateModified":"2026-02-09T12:17:55+00:00","inLanguage":"es","potentialAction":[{"@type":"ReadAction","target":["https:\/\/trusting-morse.185-18-32-8.plesk.page\/demo\/"]}]},{"@type":"WebSite","@id":"https:\/\/trusting-morse.185-18-32-8.plesk.page\/#website","url":"https:\/\/trusting-morse.185-18-32-8.plesk.page\/","name":"Blades Of Fire","description":"","publisher":{"@id":"https:\/\/trusting-morse.185-18-32-8.plesk.page\/#organization"},"potentialAction":[{"@type":"SearchAction","target":{"@type":"EntryPoint","urlTemplate":"https:\/\/trusting-morse.185-18-32-8.plesk.page\/?s={search_term_string}"},"query-input":{"@type":"PropertyValueSpecification","valueRequired":true,"valueName":"search_term_string"}}],"inLanguage":"es"},{"@type":"Organization","@id":"https:\/\/trusting-morse.185-18-32-8.plesk.page\/#organization","name":"Blades Of Fire","url":"https:\/\/trusting-morse.185-18-32-8.plesk.page\/","logo":{"@type":"ImageObject","inLanguage":"es","@id":"https:\/\/trusting-morse.185-18-32-8.plesk.page\/#\/schema\/logo\/image\/","url":"https:\/\/trusting-morse.185-18-32-8.plesk.page\/wp-content\/uploads\/2025\/02\/BOFscreen.png","contentUrl":"https:\/\/trusting-morse.185-18-32-8.plesk.page\/wp-content\/uploads\/2025\/02\/BOFscreen.png","width":512,"height":512,"caption":"Blades Of Fire"},"image":{"@id":"https:\/\/trusting-morse.185-18-32-8.plesk.page\/#\/schema\/logo\/image\/"}}]}},"_links":{"self":[{"href":"https:\/\/trusting-morse.185-18-32-8.plesk.page\/es\/wp-json\/wp\/v2\/pages\/1577","targetHints":{"allow":["GET"]}}],"collection":[{"href":"https:\/\/trusting-morse.185-18-32-8.plesk.page\/es\/wp-json\/wp\/v2\/pages"}],"about":[{"href":"https:\/\/trusting-morse.185-18-32-8.plesk.page\/es\/wp-json\/wp\/v2\/types\/page"}],"author":[{"embeddable":true,"href":"https:\/\/trusting-morse.185-18-32-8.plesk.page\/es\/wp-json\/wp\/v2\/users\/2"}],"replies":[{"embeddable":true,"href":"https:\/\/trusting-morse.185-18-32-8.plesk.page\/es\/wp-json\/wp\/v2\/comments?post=1577"}],"version-history":[{"count":23,"href":"https:\/\/trusting-morse.185-18-32-8.plesk.page\/es\/wp-json\/wp\/v2\/pages\/1577\/revisions"}],"predecessor-version":[{"id":1774,"href":"https:\/\/trusting-morse.185-18-32-8.plesk.page\/es\/wp-json\/wp\/v2\/pages\/1577\/revisions\/1774"}],"wp:attachment":[{"href":"https:\/\/trusting-morse.185-18-32-8.plesk.page\/es\/wp-json\/wp\/v2\/media?parent=1577"}],"curies":[{"name":"wp","href":"https:\/\/api.w.org\/{rel}","templated":true}]}}