{"id":1754,"date":"2026-01-20T14:42:08","date_gmt":"2026-01-20T14:42:08","guid":{"rendered":"https:\/\/nifty-hodgkin.185-18-32-8.plesk.page\/?page_id=1754"},"modified":"2026-02-10T15:26:50","modified_gmt":"2026-02-10T15:26:50","slug":"version-2-0","status":"publish","type":"page","link":"https:\/\/trusting-morse.185-18-32-8.plesk.page\/fr\/version-2-0\/","title":{"rendered":"Version 2.0"},"content":{"rendered":"<div style=\"color: #ffffff;\">\n<p>CONTENT &amp; IMPROVEMENTS<\/p>\n<p>Toutes les plateformes recevront la mise \u00e0 jour 2.0 le 14 mai, qui introduit une multitude d\u2019am\u00e9liorations :<\/p>\n<p>NOUVEAU CONTENU<\/p>\n<p>\u00b7 Nouveau Jeu+<\/p>\n<p>\u00b7 Nouveau niveau de d\u00e9fi : Titane<\/p>\n<p>\u00b7 New Weapon Parts &amp; Skins (only available in New Game Plus)<\/p>\n<p>\u00b7 Transmutation des \u00e9l\u00e9ments, permettant de changer les types de mat\u00e9riaux<\/p>\n<p>\u00b7 Mode Photo<\/p>\n<p>\u00b7 Mode Renaissance des Boss<\/p>\n<p>\u00b7 Sorts d\u2019Adso sur les armes pour un combat plus immersif (r\u00e9compenses li\u00e9es au mode Renaissance des Boss introduisant des sorts qui am\u00e9liorent les capacit\u00e9s des armes avec des effets sp\u00e9ciaux)<\/p>\n<p>\u00b7 Vous pouvez d\u00e9sormais caresser le B\u0153uf dans Blades of Fire<\/p>\n<p>AM\u00c9LIORATIONS<\/p>\n<p>\u00b7 Variations \u00e9tendues de mort et de mutilation<\/p>\n<p>\u00b7 Transitions d\u2019animation am\u00e9lior\u00e9es<\/p>\n<p>\u00b7 Impl\u00e9mentation de Nvidia DLSS4<\/p>\n<p>AUTRES<\/p>\n<p>\u00b7 Remappage complet des touches clavier et souris<\/p>\n<p>\u00b7 Nouveaux succ\u00e8s<\/p>\n<p>\u00b7 Compatibilit\u00e9 Steam Deck<\/p>\n<p>&nbsp;<\/p>\n<\/div>","protected":false},"excerpt":{"rendered":"<p>CONTENT &amp; IMPROVEMENTS All platforms will receive Update 2.0 on May 14, which introduces a wealth of improvements: NEW CONTENT \u00b7 New Game Plus \u00b7 New Challenge Level: Titanium \u00b7 New Weapon Parts &amp; Skins (only available in New Game Plus) \u00b7 Elements Transmutation, which allows players to change material types \u00b7 Photo Mode \u00b7 [&hellip;]<\/p>\n","protected":false},"author":2,"featured_media":0,"parent":0,"menu_order":0,"comment_status":"closed","ping_status":"closed","template":"v2.php","meta":{"_acf_changed":false,"footnotes":""},"class_list":["post-1754","page","type-page","status-publish","hentry"],"acf":[],"yoast_head":"<!-- This site is optimized with the Yoast SEO plugin v25.1 - https:\/\/yoast.com\/wordpress\/plugins\/seo\/ -->\n<title>Version 2.0 - Blades Of Fire<\/title>\n<meta name=\"robots\" content=\"noindex, follow, max-snippet:-1, max-image-preview:large, max-video-preview:-1\" \/>\n<meta property=\"og:locale\" content=\"fr_FR\" \/>\n<meta property=\"og:type\" content=\"article\" \/>\n<meta property=\"og:title\" content=\"Version 2.0 - Blades Of Fire\" \/>\n<meta property=\"og:description\" content=\"CONTENT &amp; IMPROVEMENTS All platforms will receive Update 2.0 on May 14, which introduces a wealth of improvements: NEW CONTENT \u00b7 New Game Plus \u00b7 New Challenge Level: Titanium \u00b7 New Weapon Parts &amp; Skins (only available in New Game Plus) \u00b7 Elements Transmutation, which allows players to change material types \u00b7 Photo Mode \u00b7 [&hellip;]\" \/>\n<meta property=\"og:url\" content=\"https:\/\/trusting-morse.185-18-32-8.plesk.page\/fr\/version-2-0\/\" \/>\n<meta property=\"og:site_name\" content=\"Blades Of Fire\" \/>\n<meta property=\"article:modified_time\" content=\"2026-02-10T15:26:50+00:00\" \/>\n<meta property=\"og:image\" content=\"https:\/\/trusting-morse.185-18-32-8.plesk.page\/wp-content\/uploads\/2025\/02\/blog-banner.jpg\" \/>\n\t<meta property=\"og:image:width\" content=\"2560\" \/>\n\t<meta property=\"og:image:height\" content=\"1000\" \/>\n\t<meta property=\"og:image:type\" content=\"image\/jpeg\" \/>\n<meta name=\"twitter:card\" content=\"summary_large_image\" \/>\n<script type=\"application\/ld+json\" class=\"yoast-schema-graph\">{\"@context\":\"https:\/\/schema.org\",\"@graph\":[{\"@type\":\"WebPage\",\"@id\":\"https:\/\/trusting-morse.185-18-32-8.plesk.page\/version-2-0\/\",\"url\":\"https:\/\/trusting-morse.185-18-32-8.plesk.page\/version-2-0\/\",\"name\":\"Version 2.0 - Blades Of Fire\",\"isPartOf\":{\"@id\":\"https:\/\/trusting-morse.185-18-32-8.plesk.page\/#website\"},\"datePublished\":\"2026-01-20T14:42:08+00:00\",\"dateModified\":\"2026-02-10T15:26:50+00:00\",\"breadcrumb\":{\"@id\":\"https:\/\/trusting-morse.185-18-32-8.plesk.page\/version-2-0\/#breadcrumb\"},\"inLanguage\":\"fr-FR\",\"potentialAction\":[{\"@type\":\"ReadAction\",\"target\":[\"https:\/\/trusting-morse.185-18-32-8.plesk.page\/version-2-0\/\"]}]},{\"@type\":\"BreadcrumbList\",\"@id\":\"https:\/\/trusting-morse.185-18-32-8.plesk.page\/version-2-0\/#breadcrumb\",\"itemListElement\":[{\"@type\":\"ListItem\",\"position\":1,\"name\":\"Home\",\"item\":\"https:\/\/trusting-morse.185-18-32-8.plesk.page\/\"},{\"@type\":\"ListItem\",\"position\":2,\"name\":\"Version 2.0\"}]},{\"@type\":\"WebSite\",\"@id\":\"https:\/\/trusting-morse.185-18-32-8.plesk.page\/#website\",\"url\":\"https:\/\/trusting-morse.185-18-32-8.plesk.page\/\",\"name\":\"Blades Of Fire\",\"description\":\"\",\"publisher\":{\"@id\":\"https:\/\/trusting-morse.185-18-32-8.plesk.page\/#organization\"},\"potentialAction\":[{\"@type\":\"SearchAction\",\"target\":{\"@type\":\"EntryPoint\",\"urlTemplate\":\"https:\/\/trusting-morse.185-18-32-8.plesk.page\/?s={search_term_string}\"},\"query-input\":{\"@type\":\"PropertyValueSpecification\",\"valueRequired\":true,\"valueName\":\"search_term_string\"}}],\"inLanguage\":\"fr-FR\"},{\"@type\":\"Organization\",\"@id\":\"https:\/\/trusting-morse.185-18-32-8.plesk.page\/#organization\",\"name\":\"Blades Of Fire\",\"url\":\"https:\/\/trusting-morse.185-18-32-8.plesk.page\/\",\"logo\":{\"@type\":\"ImageObject\",\"inLanguage\":\"fr-FR\",\"@id\":\"https:\/\/trusting-morse.185-18-32-8.plesk.page\/#\/schema\/logo\/image\/\",\"url\":\"https:\/\/trusting-morse.185-18-32-8.plesk.page\/wp-content\/uploads\/2025\/02\/BOFscreen.png\",\"contentUrl\":\"https:\/\/trusting-morse.185-18-32-8.plesk.page\/wp-content\/uploads\/2025\/02\/BOFscreen.png\",\"width\":512,\"height\":512,\"caption\":\"Blades Of Fire\"},\"image\":{\"@id\":\"https:\/\/trusting-morse.185-18-32-8.plesk.page\/#\/schema\/logo\/image\/\"}}]}<\/script>\n<!-- \/ Yoast SEO plugin. -->","yoast_head_json":{"title":"Version 2.0 - Blades Of Fire","robots":{"index":"noindex","follow":"follow","max-snippet":"max-snippet:-1","max-image-preview":"max-image-preview:large","max-video-preview":"max-video-preview:-1"},"og_locale":"fr_FR","og_type":"article","og_title":"Version 2.0 - Blades Of Fire","og_description":"CONTENT &amp; IMPROVEMENTS All platforms will receive Update 2.0 on May 14, which introduces a wealth of improvements: NEW CONTENT \u00b7 New Game Plus \u00b7 New Challenge Level: Titanium \u00b7 New Weapon Parts &amp; Skins (only available in New Game Plus) \u00b7 Elements Transmutation, which allows players to change material types \u00b7 Photo Mode \u00b7 [&hellip;]","og_url":"https:\/\/trusting-morse.185-18-32-8.plesk.page\/fr\/version-2-0\/","og_site_name":"Blades Of Fire","article_modified_time":"2026-02-10T15:26:50+00:00","og_image":[{"width":2560,"height":1000,"url":"https:\/\/trusting-morse.185-18-32-8.plesk.page\/wp-content\/uploads\/2025\/02\/blog-banner.jpg","type":"image\/jpeg"}],"twitter_card":"summary_large_image","schema":{"@context":"https:\/\/schema.org","@graph":[{"@type":"WebPage","@id":"https:\/\/trusting-morse.185-18-32-8.plesk.page\/version-2-0\/","url":"https:\/\/trusting-morse.185-18-32-8.plesk.page\/version-2-0\/","name":"Version 2.0 - Blades Of Fire","isPartOf":{"@id":"https:\/\/trusting-morse.185-18-32-8.plesk.page\/#website"},"datePublished":"2026-01-20T14:42:08+00:00","dateModified":"2026-02-10T15:26:50+00:00","breadcrumb":{"@id":"https:\/\/trusting-morse.185-18-32-8.plesk.page\/version-2-0\/#breadcrumb"},"inLanguage":"fr-FR","potentialAction":[{"@type":"ReadAction","target":["https:\/\/trusting-morse.185-18-32-8.plesk.page\/version-2-0\/"]}]},{"@type":"BreadcrumbList","@id":"https:\/\/trusting-morse.185-18-32-8.plesk.page\/version-2-0\/#breadcrumb","itemListElement":[{"@type":"ListItem","position":1,"name":"Home","item":"https:\/\/trusting-morse.185-18-32-8.plesk.page\/"},{"@type":"ListItem","position":2,"name":"Version 2.0"}]},{"@type":"WebSite","@id":"https:\/\/trusting-morse.185-18-32-8.plesk.page\/#website","url":"https:\/\/trusting-morse.185-18-32-8.plesk.page\/","name":"Blades Of Fire","description":"","publisher":{"@id":"https:\/\/trusting-morse.185-18-32-8.plesk.page\/#organization"},"potentialAction":[{"@type":"SearchAction","target":{"@type":"EntryPoint","urlTemplate":"https:\/\/trusting-morse.185-18-32-8.plesk.page\/?s={search_term_string}"},"query-input":{"@type":"PropertyValueSpecification","valueRequired":true,"valueName":"search_term_string"}}],"inLanguage":"fr-FR"},{"@type":"Organization","@id":"https:\/\/trusting-morse.185-18-32-8.plesk.page\/#organization","name":"Blades Of Fire","url":"https:\/\/trusting-morse.185-18-32-8.plesk.page\/","logo":{"@type":"ImageObject","inLanguage":"fr-FR","@id":"https:\/\/trusting-morse.185-18-32-8.plesk.page\/#\/schema\/logo\/image\/","url":"https:\/\/trusting-morse.185-18-32-8.plesk.page\/wp-content\/uploads\/2025\/02\/BOFscreen.png","contentUrl":"https:\/\/trusting-morse.185-18-32-8.plesk.page\/wp-content\/uploads\/2025\/02\/BOFscreen.png","width":512,"height":512,"caption":"Blades Of Fire"},"image":{"@id":"https:\/\/trusting-morse.185-18-32-8.plesk.page\/#\/schema\/logo\/image\/"}}]}},"_links":{"self":[{"href":"https:\/\/trusting-morse.185-18-32-8.plesk.page\/fr\/wp-json\/wp\/v2\/pages\/1754","targetHints":{"allow":["GET"]}}],"collection":[{"href":"https:\/\/trusting-morse.185-18-32-8.plesk.page\/fr\/wp-json\/wp\/v2\/pages"}],"about":[{"href":"https:\/\/trusting-morse.185-18-32-8.plesk.page\/fr\/wp-json\/wp\/v2\/types\/page"}],"author":[{"embeddable":true,"href":"https:\/\/trusting-morse.185-18-32-8.plesk.page\/fr\/wp-json\/wp\/v2\/users\/2"}],"replies":[{"embeddable":true,"href":"https:\/\/trusting-morse.185-18-32-8.plesk.page\/fr\/wp-json\/wp\/v2\/comments?post=1754"}],"version-history":[{"count":12,"href":"https:\/\/trusting-morse.185-18-32-8.plesk.page\/fr\/wp-json\/wp\/v2\/pages\/1754\/revisions"}],"predecessor-version":[{"id":1886,"href":"https:\/\/trusting-morse.185-18-32-8.plesk.page\/fr\/wp-json\/wp\/v2\/pages\/1754\/revisions\/1886"}],"wp:attachment":[{"href":"https:\/\/trusting-morse.185-18-32-8.plesk.page\/fr\/wp-json\/wp\/v2\/media?parent=1754"}],"curies":[{"name":"wp","href":"https:\/\/api.w.org\/{rel}","templated":true}]}}