{"id":1577,"date":"2025-05-14T09:36:33","date_gmt":"2025-05-14T09:36:33","guid":{"rendered":"https:\/\/clever-hodgkin.185-18-32-8.plesk.page\/?page_id=1577"},"modified":"2026-02-09T12:17:55","modified_gmt":"2026-02-09T12:17:55","slug":"demo","status":"publish","type":"page","link":"https:\/\/trusting-morse.185-18-32-8.plesk.page\/pt\/demo\/","title":{"rendered":""},"content":{"rendered":"<p style=\"text-align: center;\"><strong>BOAS-VINDAS \u00c0 DEMO DE BLADES OF FIRE<\/strong><br \/>\nAqui voc\u00ea encontrar\u00e1 tudo o que precisa saber antes de embarcar na sua viagem!<\/p>\n<p>&nbsp;<\/p>\n<p style=\"text-align: left;\"><strong>O QUE A DEMO INCLUI?<\/strong><br \/>\nA demo de Blades of Fire apresenta o in\u00edcio do jogo, permitindo que voc\u00ea forje suas primeiras armas, experimente o sistema de combate, lute contra um grande troll e saiba mais sobre a jornada de Aran.\n\nLembre-se, esta \u00e9 uma demo que mostra apenas uma pequena parte do que Blades of Fire tem para oferecer.\n\nHaver\u00e1 muito mais para explorar!<\/p>\n<p style=\"text-align: left;\">Lembre-se, esta \u00e9 uma demo que mostra apenas uma pequena parte do que Blades of Fire tem para oferecer.<\/p>\n<p style=\"text-align: left;\">Haver\u00e1 muito mais para explorar!<\/p>\n<p class=\"translation-block\"><strong>A DEMO DO STEAM INCLUI ALGUMAS FUNCIONALIDADES DA PR\u00d3XIMA ATUALIZA\u00c7\u00c3O 2.0?<\/strong><br>\nSim, a demo do Steam incluir\u00e1 as seguintes funcionalidades da vers\u00e3o 2.0:<br>\n\u2013 Tit\u00e2nio: nova dificuldade adicional<br>\n\u2013 Transmuta\u00e7\u00e3o: nova op\u00e7\u00e3o que oferece mais liberdade na economia de recursos do jogador<br>\n\u2013 Nova cena cinematogr\u00e1fica no pr\u00f3logo<br>\n\u2013 Melhorias de UX em v\u00e1rios menus, como reparo r\u00e1pido, transmuta\u00e7\u00e3o\u2026<br>\n\u2013 Remapeamento para teclado e mouse<br>\n\u2013 Suporte ao Steam Deck<br>\n\u2013 Polimento adicional e corre\u00e7\u00f5es de bugs<\/p>\n<p style=\"text-align: left;\"><strong>A DEMO \u00c9 DEFINITIVA?<\/strong><br \/>\nA demo representa a vers\u00e3o final do jogo.<\/p>\n<p style=\"text-align: left;\"><strong>QUANDO A DEMO ESTAR\u00c1 DISPON\u00cdVEL?<\/strong><br \/>\nA partir de hoje.<\/p>\n<p style=\"text-align: left;\"><strong>A DEMO \u00c9 GRATUITA?<\/strong><br \/>\nSim.<\/p>\n<p style=\"text-align: left;\"><strong>PRECISO DE ALGUMA ASSINATURA PARA JOGAR?<\/strong><br \/>\nN\u00e3o. No entanto, na Alemanha e no Jap\u00e3o, os usu\u00e1rios do PlayStation devem estar inscritos em qualquer n\u00edvel do PlayStation\u00aePlus para comprar ou baixar a demo, o que exigir\u00e1 uma taxa nominal.<\/p>\n<p style=\"text-align: left;\"><strong>EM QUAIS PLATAFORMAS A DEMO EST\u00c1 DISPON\u00cdVEL?<\/strong><br \/>\nNo Steam, Epic Games Store, PlayStation 5 e Xbox Series X|S.<\/p>\n<p style=\"text-align: left;\"><strong>O MEU PROGRESSO SER\u00c1 TRANSFERIDO PARA O JOGO COMPLETO?<\/strong><br \/>\nSIM. O progresso feito na vers\u00e3o demo pode ser transferido para o jogo completo por meio do seu arquivo salvo. E melhor ainda: isso inclui todos os materiais que voc\u00ea tiver coletado.<\/p>\n<p style=\"text-align: left;\"><strong>QUANTO TEMPO DURA A DEMO?<\/strong><br \/>\nIsso depende do seu estilo de jogo e do quanto voc\u00ea quer explorar. Alguns podem terminar a demo em uma hora, outros podem precisar de tr\u00eas horas ou mais.<\/p>\n<p style=\"text-align: left;\"><strong>EM QUAIS IDIOMAS A DEMO ESTAR\u00c1 DISPON\u00cdVEL?<\/strong><br \/>\n\u00c1udio: ingl\u00eas.<br \/>\nTexto: ingl\u00eas, franc\u00eas, italiano, alem\u00e3o, espanhol (Espanha), chin\u00eas (simplificado), chin\u00eas (tradicional), japon\u00eas, coreano, portugu\u00eas (Brasil) e russo.<\/p>\n<p style=\"text-align: left;\"><strong>\u00c9 NECESS\u00c1RIA UMA CONEX\u00c3O COM A INTERNET PARA JOGAR A DEMO?<\/strong><br \/>\nUma vez baixada a demo de Blades of Fire, n\u00e3o ser\u00e1 necess\u00e1ria uma conex\u00e3o com a Internet para jogar. Isso tamb\u00e9m se aplica ao jogo completo, que ser\u00e1 lan\u00e7ado em 22 de maio.<\/p>\n<p style=\"text-align: left;\"><strong>QUAIS S\u00c3O AS ESPECIFICA\u00c7\u00d5ES M\u00cdNIMAS E RECOMENDADAS NO PC PARA JOGAR A DEMO?<\/strong><br \/>\nConsulte a p\u00e1gina da <u><a style=\"text-decoration: underline;\" href=\"https:\/\/store.epicgames.com\/en-US\/p\/blades-of-fire-demo-78b5d3\" target=\"_blank\" rel=\"noopener\">Epic Games Store page<\/a><\/u> and the <u><a style=\"text-decoration: underline;\" href=\"https:\/\/store.steampowered.com\/app\/2091020\/Blades_of_Fire\/\" target=\"_blank\" rel=\"noopener\">Steam Store page<\/a><\/u> para obter mais informa\u00e7\u00f5es sobre as especifica\u00e7\u00f5es m\u00ednimas e recomendadas no PC para jogar a demo.<\/p>\n<p style=\"text-align: left;\"><strong>QUANTO ESPA\u00c7O DE ARMAZENAMENTO \u00c9 NECESS\u00c1RIO PARA BAIXAR A DEMO?<\/strong><br \/>\n&#8211; PS5: 26GB<br \/>\n&#8211; Xbox Series X|S: 30GB<\/p>\n<p style=\"text-align: left;\"><strong>POSSO TRANSMITIR\/COMPARTILHAR CONTE\u00daDO DA DEMO DE BLADES OF FIRE?<\/strong><br \/>\nCom certeza! E n\u00f3s incentivamos voc\u00ea a fazer isso! Envie-nos o link de qualquer uma das suas transmiss\u00f5es ao vivo e faremos o poss\u00edvel para dar uma olhada. Se voc\u00ea publicar qualquer conte\u00fado nas redes sociais relacionado \u00e0 demo, n\u00e3o se esque\u00e7a de usar a hashtag #ForgeYourLegend. <strong>#ForgeYourLegend<\/strong>.<\/p>\n<p style=\"text-align: left;\"><strong>ONDE POSSO DEIXAR COMENT\u00c1RIOS SOBRE A DEMO?<\/strong><br \/>\nSiga-nos em qualquer uma das nossas redes sociais oficiais e compartilhe sua opini\u00e3o conosco! Estamos \u00e0 disposi\u00e7\u00e3o para ouvir voc\u00ea.<\/p>\n<p style=\"text-align: left;\">","protected":false},"excerpt":{"rendered":"<p>WELCOME TO THE BLADES OF FIRE DEMO. Here you will find everything you need to know before you embark on your journey! &nbsp; WHAT DOES THE DEMO INCLUDE? The Blades of Fire demo features the beginning of the game allowing you to forge your first weapons, experience the unique combat system, fight a big troll [&hellip;]<\/p>\n","protected":false},"author":2,"featured_media":0,"parent":0,"menu_order":0,"comment_status":"closed","ping_status":"closed","template":"demo-site.php","meta":{"_acf_changed":false,"footnotes":""},"class_list":["post-1577","page","type-page","status-publish","hentry"],"acf":[],"yoast_head":"<!-- This site is optimized with the Yoast SEO plugin v25.1 - https:\/\/yoast.com\/wordpress\/plugins\/seo\/ -->\n<title>- Blades Of Fire<\/title>\n<meta name=\"robots\" content=\"noindex, follow, max-snippet:-1, max-image-preview:large, max-video-preview:-1\" \/>\n<meta property=\"og:locale\" content=\"pt_BR\" \/>\n<meta property=\"og:type\" content=\"article\" \/>\n<meta property=\"og:title\" content=\"- Blades Of Fire\" \/>\n<meta property=\"og:description\" content=\"WELCOME TO THE BLADES OF FIRE DEMO. Here you will find everything you need to know before you embark on your journey! &nbsp; WHAT DOES THE DEMO INCLUDE? The Blades of Fire demo features the beginning of the game allowing you to forge your first weapons, experience the unique combat system, fight a big troll [&hellip;]\" \/>\n<meta property=\"og:url\" content=\"https:\/\/trusting-morse.185-18-32-8.plesk.page\/pt\/demo\/\" \/>\n<meta property=\"og:site_name\" content=\"Blades Of Fire\" \/>\n<meta property=\"article:modified_time\" content=\"2026-02-09T12:17:55+00:00\" \/>\n<meta property=\"og:image\" content=\"https:\/\/trusting-morse.185-18-32-8.plesk.page\/wp-content\/uploads\/2025\/02\/blog-banner.jpg\" \/>\n\t<meta property=\"og:image:width\" content=\"2560\" \/>\n\t<meta property=\"og:image:height\" content=\"1000\" \/>\n\t<meta property=\"og:image:type\" content=\"image\/jpeg\" \/>\n<meta name=\"twitter:card\" content=\"summary_large_image\" \/>\n<meta name=\"twitter:label1\" content=\"Est. tempo de leitura\" \/>\n\t<meta name=\"twitter:data1\" content=\"2 minutos\" \/>\n<script type=\"application\/ld+json\" class=\"yoast-schema-graph\">{\"@context\":\"https:\/\/schema.org\",\"@graph\":[{\"@type\":\"WebPage\",\"@id\":\"https:\/\/trusting-morse.185-18-32-8.plesk.page\/demo\/\",\"url\":\"https:\/\/trusting-morse.185-18-32-8.plesk.page\/demo\/\",\"name\":\"- Blades Of Fire\",\"isPartOf\":{\"@id\":\"https:\/\/trusting-morse.185-18-32-8.plesk.page\/#website\"},\"datePublished\":\"2025-05-14T09:36:33+00:00\",\"dateModified\":\"2026-02-09T12:17:55+00:00\",\"inLanguage\":\"pt-BR\",\"potentialAction\":[{\"@type\":\"ReadAction\",\"target\":[\"https:\/\/trusting-morse.185-18-32-8.plesk.page\/demo\/\"]}]},{\"@type\":\"WebSite\",\"@id\":\"https:\/\/trusting-morse.185-18-32-8.plesk.page\/#website\",\"url\":\"https:\/\/trusting-morse.185-18-32-8.plesk.page\/\",\"name\":\"Blades Of Fire\",\"description\":\"\",\"publisher\":{\"@id\":\"https:\/\/trusting-morse.185-18-32-8.plesk.page\/#organization\"},\"potentialAction\":[{\"@type\":\"SearchAction\",\"target\":{\"@type\":\"EntryPoint\",\"urlTemplate\":\"https:\/\/trusting-morse.185-18-32-8.plesk.page\/?s={search_term_string}\"},\"query-input\":{\"@type\":\"PropertyValueSpecification\",\"valueRequired\":true,\"valueName\":\"search_term_string\"}}],\"inLanguage\":\"pt-BR\"},{\"@type\":\"Organization\",\"@id\":\"https:\/\/trusting-morse.185-18-32-8.plesk.page\/#organization\",\"name\":\"Blades Of Fire\",\"url\":\"https:\/\/trusting-morse.185-18-32-8.plesk.page\/\",\"logo\":{\"@type\":\"ImageObject\",\"inLanguage\":\"pt-BR\",\"@id\":\"https:\/\/trusting-morse.185-18-32-8.plesk.page\/#\/schema\/logo\/image\/\",\"url\":\"https:\/\/trusting-morse.185-18-32-8.plesk.page\/wp-content\/uploads\/2025\/02\/BOFscreen.png\",\"contentUrl\":\"https:\/\/trusting-morse.185-18-32-8.plesk.page\/wp-content\/uploads\/2025\/02\/BOFscreen.png\",\"width\":512,\"height\":512,\"caption\":\"Blades Of Fire\"},\"image\":{\"@id\":\"https:\/\/trusting-morse.185-18-32-8.plesk.page\/#\/schema\/logo\/image\/\"}}]}<\/script>\n<!-- \/ Yoast SEO plugin. -->","yoast_head_json":{"title":"- Blades Of Fire","robots":{"index":"noindex","follow":"follow","max-snippet":"max-snippet:-1","max-image-preview":"max-image-preview:large","max-video-preview":"max-video-preview:-1"},"og_locale":"pt_BR","og_type":"article","og_title":"- Blades Of Fire","og_description":"WELCOME TO THE BLADES OF FIRE DEMO. Here you will find everything you need to know before you embark on your journey! &nbsp; WHAT DOES THE DEMO INCLUDE? The Blades of Fire demo features the beginning of the game allowing you to forge your first weapons, experience the unique combat system, fight a big troll [&hellip;]","og_url":"https:\/\/trusting-morse.185-18-32-8.plesk.page\/pt\/demo\/","og_site_name":"Blades Of Fire","article_modified_time":"2026-02-09T12:17:55+00:00","og_image":[{"width":2560,"height":1000,"url":"https:\/\/trusting-morse.185-18-32-8.plesk.page\/wp-content\/uploads\/2025\/02\/blog-banner.jpg","type":"image\/jpeg"}],"twitter_card":"summary_large_image","twitter_misc":{"Est. tempo de leitura":"2 minutos"},"schema":{"@context":"https:\/\/schema.org","@graph":[{"@type":"WebPage","@id":"https:\/\/trusting-morse.185-18-32-8.plesk.page\/demo\/","url":"https:\/\/trusting-morse.185-18-32-8.plesk.page\/demo\/","name":"- Blades Of Fire","isPartOf":{"@id":"https:\/\/trusting-morse.185-18-32-8.plesk.page\/#website"},"datePublished":"2025-05-14T09:36:33+00:00","dateModified":"2026-02-09T12:17:55+00:00","inLanguage":"pt-BR","potentialAction":[{"@type":"ReadAction","target":["https:\/\/trusting-morse.185-18-32-8.plesk.page\/demo\/"]}]},{"@type":"WebSite","@id":"https:\/\/trusting-morse.185-18-32-8.plesk.page\/#website","url":"https:\/\/trusting-morse.185-18-32-8.plesk.page\/","name":"Blades Of Fire","description":"","publisher":{"@id":"https:\/\/trusting-morse.185-18-32-8.plesk.page\/#organization"},"potentialAction":[{"@type":"SearchAction","target":{"@type":"EntryPoint","urlTemplate":"https:\/\/trusting-morse.185-18-32-8.plesk.page\/?s={search_term_string}"},"query-input":{"@type":"PropertyValueSpecification","valueRequired":true,"valueName":"search_term_string"}}],"inLanguage":"pt-BR"},{"@type":"Organization","@id":"https:\/\/trusting-morse.185-18-32-8.plesk.page\/#organization","name":"Blades Of Fire","url":"https:\/\/trusting-morse.185-18-32-8.plesk.page\/","logo":{"@type":"ImageObject","inLanguage":"pt-BR","@id":"https:\/\/trusting-morse.185-18-32-8.plesk.page\/#\/schema\/logo\/image\/","url":"https:\/\/trusting-morse.185-18-32-8.plesk.page\/wp-content\/uploads\/2025\/02\/BOFscreen.png","contentUrl":"https:\/\/trusting-morse.185-18-32-8.plesk.page\/wp-content\/uploads\/2025\/02\/BOFscreen.png","width":512,"height":512,"caption":"Blades Of Fire"},"image":{"@id":"https:\/\/trusting-morse.185-18-32-8.plesk.page\/#\/schema\/logo\/image\/"}}]}},"_links":{"self":[{"href":"https:\/\/trusting-morse.185-18-32-8.plesk.page\/pt\/wp-json\/wp\/v2\/pages\/1577","targetHints":{"allow":["GET"]}}],"collection":[{"href":"https:\/\/trusting-morse.185-18-32-8.plesk.page\/pt\/wp-json\/wp\/v2\/pages"}],"about":[{"href":"https:\/\/trusting-morse.185-18-32-8.plesk.page\/pt\/wp-json\/wp\/v2\/types\/page"}],"author":[{"embeddable":true,"href":"https:\/\/trusting-morse.185-18-32-8.plesk.page\/pt\/wp-json\/wp\/v2\/users\/2"}],"replies":[{"embeddable":true,"href":"https:\/\/trusting-morse.185-18-32-8.plesk.page\/pt\/wp-json\/wp\/v2\/comments?post=1577"}],"version-history":[{"count":23,"href":"https:\/\/trusting-morse.185-18-32-8.plesk.page\/pt\/wp-json\/wp\/v2\/pages\/1577\/revisions"}],"predecessor-version":[{"id":1774,"href":"https:\/\/trusting-morse.185-18-32-8.plesk.page\/pt\/wp-json\/wp\/v2\/pages\/1577\/revisions\/1774"}],"wp:attachment":[{"href":"https:\/\/trusting-morse.185-18-32-8.plesk.page\/pt\/wp-json\/wp\/v2\/media?parent=1577"}],"curies":[{"name":"wp","href":"https:\/\/api.w.org\/{rel}","templated":true}]}}